{"id":2026,"date":"2024-01-25T13:36:50","date_gmt":"2024-01-25T13:36:50","guid":{"rendered":"https:\/\/1797-ch-1.nw02-pm-domains.de\/contact\/"},"modified":"2024-05-31T09:12:22","modified_gmt":"2024-05-31T09:12:22","slug":"contact","status":"publish","type":"page","link":"https:\/\/cyndieallemann.com\/fr\/contact\/","title":{"rendered":"Contact"},"content":{"rendered":"\t\t<div data-elementor-type=\"wp-page\" data-elementor-id=\"2026\" class=\"elementor elementor-2026 elementor-376\" data-elementor-post-type=\"page\">\n\t\t\t\t<div class=\"elementor-element elementor-element-4a8176d e-flex e-con-boxed e-con e-parent\" data-id=\"4a8176d\" data-element_type=\"container\" data-e-type=\"container\" data-settings=\"{&quot;background_background&quot;:&quot;classic&quot;,&quot;jet_parallax_layout_list&quot;:[],&quot;shape_divider_bottom&quot;:&quot;tilt&quot;}\">\n\t\t\t\t\t<div class=\"e-con-inner\">\n\t\t\t\t<div class=\"elementor-shape elementor-shape-bottom\" aria-hidden=\"true\" data-negative=\"false\">\n\t\t\t<svg xmlns=\"http:\/\/www.w3.org\/2000\/svg\" viewBox=\"0 0 1000 100\" preserveAspectRatio=\"none\">\n\t<path class=\"elementor-shape-fill\" d=\"M0,6V0h1000v100L0,6z\"\/>\n<\/svg>\t\t<\/div>\n\t\t<div class=\"elementor-element elementor-element-adcdbc8 e-con-full e-flex e-con e-child\" data-id=\"adcdbc8\" data-element_type=\"container\" data-e-type=\"container\" data-settings=\"{&quot;jet_parallax_layout_list&quot;:[]}\">\n\t\t\t\t<div class=\"elementor-element elementor-element-5922757 animated-slow elementor-invisible elementor-widget elementor-widget-image\" data-id=\"5922757\" data-element_type=\"widget\" data-e-type=\"widget\" data-settings=\"{&quot;_animation&quot;:&quot;zoomIn&quot;,&quot;_animation_delay&quot;:2,&quot;motion_fx_motion_fx_scrolling&quot;:&quot;yes&quot;,&quot;motion_fx_translateY_effect&quot;:&quot;yes&quot;,&quot;motion_fx_translateY_direction&quot;:&quot;negative&quot;,&quot;motion_fx_translateY_speed&quot;:{&quot;unit&quot;:&quot;px&quot;,&quot;size&quot;:1.2,&quot;sizes&quot;:[]},&quot;motion_fx_translateY_affectedRange&quot;:{&quot;unit&quot;:&quot;%&quot;,&quot;size&quot;:&quot;&quot;,&quot;sizes&quot;:{&quot;start&quot;:0,&quot;end&quot;:100}},&quot;motion_fx_devices&quot;:[&quot;widescreen&quot;,&quot;desktop&quot;,&quot;laptop&quot;,&quot;tablet&quot;,&quot;mobile&quot;]}\" data-widget_type=\"image.default\">\n\t\t\t\t<div class=\"elementor-widget-container\">\n\t\t\t\t\t\t\t\t\t\t\t\t\t\t\t<img fetchpriority=\"high\" decoding=\"async\" width=\"2560\" height=\"1006\" src=\"https:\/\/cyndieallemann.com\/wp-content\/uploads\/2024\/03\/Cyndie-Allemann-scaled.webp\" class=\"attachment-full size-full wp-image-1969\" alt=\"\" srcset=\"https:\/\/cyndieallemann.com\/wp-content\/uploads\/2024\/03\/Cyndie-Allemann-scaled.webp 2560w, https:\/\/cyndieallemann.com\/wp-content\/uploads\/2024\/03\/Cyndie-Allemann-300x118.webp 300w, https:\/\/cyndieallemann.com\/wp-content\/uploads\/2024\/03\/Cyndie-Allemann-1024x402.webp 1024w, https:\/\/cyndieallemann.com\/wp-content\/uploads\/2024\/03\/Cyndie-Allemann-768x302.webp 768w, https:\/\/cyndieallemann.com\/wp-content\/uploads\/2024\/03\/Cyndie-Allemann-1536x604.webp 1536w, https:\/\/cyndieallemann.com\/wp-content\/uploads\/2024\/03\/Cyndie-Allemann-2048x805.webp 2048w, https:\/\/cyndieallemann.com\/wp-content\/uploads\/2024\/03\/Cyndie-Allemann-1920x755.webp 1920w\" sizes=\"(max-width: 2560px) 100vw, 2560px\" \/>\t\t\t\t\t\t\t\t\t\t\t\t\t\t\t<\/div>\n\t\t\t\t<\/div>\n\t\t\t\t<\/div>\n\t\t\t\t\t<\/div>\n\t\t\t\t<\/div>\n\t\t<div class=\"elementor-element elementor-element-cb593b2 e-flex e-con-boxed e-con e-parent\" data-id=\"cb593b2\" data-element_type=\"container\" data-e-type=\"container\" data-settings=\"{&quot;background_background&quot;:&quot;classic&quot;,&quot;jet_parallax_layout_list&quot;:[]}\">\n\t\t\t\t\t<div class=\"e-con-inner\">\n\t\t<div class=\"elementor-element elementor-element-3d1e74a e-con-full e-flex e-con e-child\" data-id=\"3d1e74a\" data-element_type=\"container\" data-e-type=\"container\" data-settings=\"{&quot;jet_parallax_layout_list&quot;:[]}\">\n\t\t\t\t<div class=\"elementor-element elementor-element-fbb186b elementor-widget elementor-widget-heading\" data-id=\"fbb186b\" data-element_type=\"widget\" data-e-type=\"widget\" data-widget_type=\"heading.default\">\n\t\t\t\t<div class=\"elementor-widget-container\">\n\t\t\t\t\t<h1 class=\"elementor-heading-title elementor-size-default\">Contact<\/h1>\t\t\t\t<\/div>\n\t\t\t\t<\/div>\n\t\t\t\t<\/div>\n\t\t\t\t\t<\/div>\n\t\t\t\t<\/div>\n\t\t<div class=\"elementor-element elementor-element-f8531d0 e-flex e-con-boxed e-con e-parent\" data-id=\"f8531d0\" data-element_type=\"container\" data-e-type=\"container\" data-settings=\"{&quot;background_background&quot;:&quot;classic&quot;,&quot;jet_parallax_layout_list&quot;:[]}\">\n\t\t\t\t\t<div class=\"e-con-inner\">\n\t\t<div class=\"elementor-element elementor-element-a2fe8db e-con-full e-flex e-con e-child\" data-id=\"a2fe8db\" data-element_type=\"container\" data-e-type=\"container\" data-settings=\"{&quot;jet_parallax_layout_list&quot;:[]}\">\n\t\t\t\t<div class=\"elementor-element elementor-element-8ceb55a elementor-widget elementor-widget-heading\" data-id=\"8ceb55a\" data-element_type=\"widget\" data-e-type=\"widget\" data-widget_type=\"heading.default\">\n\t\t\t\t<div class=\"elementor-widget-container\">\n\t\t\t\t\t<span class=\"elementor-heading-title elementor-size-default\">\nCyndie Allemann<\/span>\t\t\t\t<\/div>\n\t\t\t\t<\/div>\n\t\t\t\t<div class=\"elementor-element elementor-element-37eb7e0 elementor-icon-list--layout-traditional elementor-list-item-link-full_width elementor-widget elementor-widget-icon-list\" data-id=\"37eb7e0\" data-element_type=\"widget\" data-e-type=\"widget\" data-widget_type=\"icon-list.default\">\n\t\t\t\t<div class=\"elementor-widget-container\">\n\t\t\t\t\t\t\t<ul class=\"elementor-icon-list-items\">\n\t\t\t\t\t\t\t<li class=\"elementor-icon-list-item\">\n\t\t\t\t\t\t\t\t\t\t\t<a href=\"mailto:info@cyndieallemann.com\">\n\n\t\t\t\t\t\t\t\t\t\t\t\t<span class=\"elementor-icon-list-icon\">\n\t\t\t\t\t\t\t<i aria-hidden=\"true\" class=\"fas fa-envelope\"><\/i>\t\t\t\t\t\t<\/span>\n\t\t\t\t\t\t\t\t\t\t<span class=\"elementor-icon-list-text\">info@cyndieallemann.com<\/span>\n\t\t\t\t\t\t\t\t\t\t\t<\/a>\n\t\t\t\t\t\t\t\t\t<\/li>\n\t\t\t\t\t\t<\/ul>\n\t\t\t\t\t\t<\/div>\n\t\t\t\t<\/div>\n\t\t\t\t<div class=\"elementor-element elementor-element-48ac178 elementor-widget elementor-widget-image\" data-id=\"48ac178\" data-element_type=\"widget\" data-e-type=\"widget\" data-widget_type=\"image.default\">\n\t\t\t\t<div class=\"elementor-widget-container\">\n\t\t\t\t\t\t\t\t\t\t\t\t\t\t\t\t<a href=\"https:\/\/spirit-karting.ch\/de\/\" target=\"_blank\">\n\t\t\t\t\t\t\t<img decoding=\"async\" width=\"441\" height=\"294\" src=\"https:\/\/cyndieallemann.com\/wp-content\/uploads\/2024\/01\/spirit.png\" class=\"attachment-large size-large wp-image-1885\" alt=\"\" srcset=\"https:\/\/cyndieallemann.com\/wp-content\/uploads\/2024\/01\/spirit.png 441w, https:\/\/cyndieallemann.com\/wp-content\/uploads\/2024\/01\/spirit-300x200.png 300w\" sizes=\"(max-width: 441px) 100vw, 441px\" \/>\t\t\t\t\t\t\t\t<\/a>\n\t\t\t\t\t\t\t\t\t\t\t\t\t\t\t<\/div>\n\t\t\t\t<\/div>\n\t\t\t\t<\/div>\n\t\t<div class=\"elementor-element elementor-element-b4da753 e-con-full e-flex e-con e-child\" data-id=\"b4da753\" data-element_type=\"container\" data-e-type=\"container\" data-settings=\"{&quot;jet_parallax_layout_list&quot;:[]}\">\n\t\t\t\t<div class=\"elementor-element elementor-element-1d1513a elementor-widget elementor-widget-heading\" data-id=\"1d1513a\" data-element_type=\"widget\" data-e-type=\"widget\" data-widget_type=\"heading.default\">\n\t\t\t\t<div class=\"elementor-widget-container\">\n\t\t\t\t\t<h2 class=\"elementor-heading-title elementor-size-default\">Formulaire de contact<\/h2>\t\t\t\t<\/div>\n\t\t\t\t<\/div>\n\t\t\t\t<div class=\"elementor-element elementor-element-fb4f4a6 elementor-button-align-start elementor-widget elementor-widget-form\" data-id=\"fb4f4a6\" data-element_type=\"widget\" data-e-type=\"widget\" data-settings=\"{&quot;step_next_label&quot;:&quot;Prochain&quot;,&quot;step_previous_label&quot;:&quot;Pr\\u00e9c\\u00e9dent&quot;,&quot;button_width&quot;:&quot;100&quot;,&quot;step_type&quot;:&quot;number_text&quot;,&quot;step_icon_shape&quot;:&quot;circle&quot;}\" data-widget_type=\"form.default\">\n\t\t\t\t<div class=\"elementor-widget-container\">\n\t\t\t\t\t\t\t<form class=\"elementor-form\" method=\"post\" name=\"Nouveau formulaire\" aria-label=\"Nouveau formulaire\">\n\t\t\t<input type=\"hidden\" name=\"post_id\" value=\"2026\"\/>\n\t\t\t<input type=\"hidden\" name=\"form_id\" value=\"fb4f4a6\"\/>\n\t\t\t<input type=\"hidden\" name=\"referer_title\" value=\"Contact - Cyndie Allemann\" \/>\n\n\t\t\t\t\t\t\t<input type=\"hidden\" name=\"queried_id\" value=\"2026\"\/>\n\t\t\t\n\t\t\t<div class=\"elementor-form-fields-wrapper elementor-labels-above\">\n\t\t\t\t\t\t\t\t<div class=\"elementor-field-type-text elementor-field-group elementor-column elementor-field-group-name elementor-col-100 elementor-field-required\">\n\t\t\t\t\t\t\t\t\t\t\t\t\t<input size=\"1\" type=\"text\" name=\"form_fields[name]\" id=\"form-field-name\" class=\"elementor-field elementor-size-sm  elementor-field-textual\" placeholder=\"Nom*\" required=\"required\">\n\t\t\t\t\t\t\t\t\t\t\t<\/div>\n\t\t\t\t\t\t\t\t<div class=\"elementor-field-type-email elementor-field-group elementor-column elementor-field-group-email elementor-col-100 elementor-field-required\">\n\t\t\t\t\t\t\t\t\t\t\t\t\t<input size=\"1\" type=\"email\" name=\"form_fields[email]\" id=\"form-field-email\" class=\"elementor-field elementor-size-sm  elementor-field-textual\" placeholder=\"Adresse \u00e9lectronique*\" required=\"required\">\n\t\t\t\t\t\t\t\t\t\t\t<\/div>\n\t\t\t\t\t\t\t\t<div class=\"elementor-field-type-textarea elementor-field-group elementor-column elementor-field-group-message elementor-col-100\">\n\t\t\t\t\t<textarea class=\"elementor-field-textual elementor-field  elementor-size-sm\" name=\"form_fields[message]\" id=\"form-field-message\" rows=\"4\" placeholder=\"Message*\"><\/textarea>\t\t\t\t<\/div>\n\t\t\t\t\t\t\t\t<div class=\"elementor-field-type-html elementor-field-group elementor-column elementor-field-group-field_7f22013 elementor-col-100\">\n\t\t\t\t\tTous les champs marqu\u00e9s d'une *\u00e9toile sont obligatoires.\t\t\t\t<\/div>\n\t\t\t\t\t\t\t\t<div class=\"elementor-field-type-acceptance elementor-field-group elementor-column elementor-field-group-field_7b2971d elementor-col-100 elementor-field-required\">\n\t\t\t\t\t\t\t<div class=\"elementor-field-subgroup\">\n\t\t\t<span class=\"elementor-field-option\">\n\t\t\t\t<input type=\"checkbox\" name=\"form_fields[field_7b2971d]\" id=\"form-field-field_7b2971d\" class=\"elementor-field elementor-size-sm  elementor-acceptance-field\" required=\"required\">\n\t\t\t\t<label for=\"form-field-field_7b2971d\">J'ai pris connaissance de la <a href=\"https:\/\/cyndieallemann.com\/datenschutz\/\">d\u00e9claration de protection <\/a> des donn\u00e9es. J'accepte que mes informations et donn\u00e9es soient collect\u00e9es et stock\u00e9es \u00e9lectroniquement pour r\u00e9pondre \u00e0 ma demande.<br>\n<b>Remarque :<\/b>\nVous pouvez \u00e0 tout moment r\u00e9voquer votre consentement pour l'avenir en envoyant un e-mail \u00e0 <a href=\"mailto:info@cyndieallemann.com\">info@cyndieallemann.com<\/a>.\n<\/label>\t\t\t<\/span>\n\t\t<\/div>\n\t\t\t\t\t\t<\/div>\n\t\t\t\t\t\t\t\t<div class=\"elementor-field-group elementor-column elementor-field-type-submit elementor-col-100 e-form__buttons\">\n\t\t\t\t\t<button class=\"elementor-button elementor-size-md\" type=\"submit\">\n\t\t\t\t\t\t<span class=\"elementor-button-content-wrapper\">\n\t\t\t\t\t\t\t\t\t\t\t\t\t\t\t\t\t\t\t\t\t\t<span class=\"elementor-button-text\">Envoyer<\/span>\n\t\t\t\t\t\t\t\t\t\t\t\t\t<\/span>\n\t\t\t\t\t<\/button>\n\t\t\t\t<\/div>\n\t\t\t<\/div>\n\t\t<\/form>\n\t\t\t\t\t\t<\/div>\n\t\t\t\t<\/div>\n\t\t\t\t<\/div>\n\t\t\t\t\t<\/div>\n\t\t\t\t<\/div>\n\t\t<div class=\"elementor-element elementor-element-94a372b e-flex e-con-boxed e-con e-parent\" data-id=\"94a372b\" data-element_type=\"container\" data-e-type=\"container\" data-settings=\"{&quot;background_background&quot;:&quot;classic&quot;,&quot;background_motion_fx_motion_fx_scrolling&quot;:&quot;yes&quot;,&quot;background_motion_fx_translateY_effect&quot;:&quot;yes&quot;,&quot;jet_parallax_layout_list&quot;:[],&quot;background_motion_fx_translateY_direction&quot;:&quot;negative&quot;,&quot;background_motion_fx_translateY_speed&quot;:{&quot;unit&quot;:&quot;px&quot;,&quot;size&quot;:4,&quot;sizes&quot;:[]},&quot;background_motion_fx_translateY_affectedRange&quot;:{&quot;unit&quot;:&quot;%&quot;,&quot;size&quot;:&quot;&quot;,&quot;sizes&quot;:{&quot;start&quot;:0,&quot;end&quot;:100}},&quot;background_motion_fx_devices&quot;:[&quot;widescreen&quot;,&quot;desktop&quot;,&quot;laptop&quot;,&quot;tablet&quot;,&quot;mobile&quot;]}\">\n\t\t\t\t\t<div class=\"e-con-inner\">\n\t\t\t\t<div class=\"elementor-element elementor-element-20b9979 elementor-widget elementor-widget-heading\" data-id=\"20b9979\" data-element_type=\"widget\" data-e-type=\"widget\" data-widget_type=\"heading.default\">\n\t\t\t\t<div class=\"elementor-widget-container\">\n\t\t\t\t\t<h2 class=\"elementor-heading-title elementor-size-default\">Demander un autographe<\/h2>\t\t\t\t<\/div>\n\t\t\t\t<\/div>\n\t\t\t\t<div class=\"elementor-element elementor-element-c97a574 elementor-widget elementor-widget-heading\" data-id=\"c97a574\" data-element_type=\"widget\" data-e-type=\"widget\" data-widget_type=\"heading.default\">\n\t\t\t\t<div class=\"elementor-widget-container\">\n\t\t\t\t\t<span class=\"elementor-heading-title elementor-size-default\">Pour obtenir un autographe, veuillez envoyer une enveloppe timbr\u00e9e \u00e0 votre adresse :<br>\n<\/span>\t\t\t\t<\/div>\n\t\t\t\t<\/div>\n\t\t\t\t<div class=\"elementor-element elementor-element-ad7f953 elementor-widget elementor-widget-heading\" data-id=\"ad7f953\" data-element_type=\"widget\" data-e-type=\"widget\" data-widget_type=\"heading.default\">\n\t\t\t\t<div class=\"elementor-widget-container\">\n\t\t\t\t\t<span class=\"elementor-heading-title elementor-size-default\">Spirit Karting AG<br>\nCyndie Allemann<br>\nSonnengutstrasse 8<br>\n5620 Bremgarten\n<\/span>\t\t\t\t<\/div>\n\t\t\t\t<\/div>\n\t\t\t\t\t<\/div>\n\t\t\t\t<\/div>\n\t\t\t\t<\/div>\n\t\t","protected":false},"excerpt":{"rendered":"<p>Contact Cyndie Allemann info@cyndieallemann.com Formulaire de contact Demander un autographe Pour obtenir un autographe, veuillez envoyer une enveloppe timbr\u00e9e \u00e0 votre adresse : Spirit Karting AG Cyndie Allemann Sonnengutstrasse 8 5620 Bremgarten<\/p>\n","protected":false},"author":4,"featured_media":0,"parent":0,"menu_order":0,"comment_status":"closed","ping_status":"closed","template":"","meta":{"footnotes":""},"class_list":["post-2026","page","type-page","status-publish","hentry"],"yoast_head":"<!-- This site is optimized with the Yoast SEO plugin v27.2 - https:\/\/yoast.com\/product\/yoast-seo-wordpress\/ -->\n<title>Contact - Cyndie Allemann<\/title>\n<meta name=\"robots\" content=\"index, follow, max-snippet:-1, max-image-preview:large, max-video-preview:-1\" \/>\n<link rel=\"canonical\" href=\"https:\/\/cyndieallemann.com\/fr\/contact\/\" \/>\n<meta property=\"og:locale\" content=\"fr_FR\" \/>\n<meta property=\"og:type\" content=\"article\" \/>\n<meta property=\"og:title\" content=\"Contact - Cyndie Allemann\" \/>\n<meta property=\"og:description\" content=\"Contact Cyndie Allemann info@cyndieallemann.com Formulaire de contact Demander un autographe Pour obtenir un autographe, veuillez envoyer une enveloppe timbr\u00e9e \u00e0 votre adresse : Spirit Karting AG Cyndie Allemann Sonnengutstrasse 8 5620 Bremgarten\" \/>\n<meta property=\"og:url\" content=\"https:\/\/cyndieallemann.com\/fr\/contact\/\" \/>\n<meta property=\"og:site_name\" content=\"Cyndie Allemann\" \/>\n<meta property=\"article:modified_time\" content=\"2024-05-31T09:12:22+00:00\" \/>\n<meta property=\"og:image\" content=\"https:\/\/cyndieallemann.com\/wp-content\/uploads\/2024\/03\/Cyndie-Allemann-scaled.webp\" \/>\n<meta name=\"twitter:card\" content=\"summary_large_image\" \/>\n<meta name=\"twitter:label1\" content=\"Dur\u00e9e de lecture estim\u00e9e\" \/>\n\t<meta name=\"twitter:data1\" content=\"1 minute\" \/>\n<script type=\"application\/ld+json\" class=\"yoast-schema-graph\">{\"@context\":\"https:\/\/schema.org\",\"@graph\":[{\"@type\":\"WebPage\",\"@id\":\"https:\/\/cyndieallemann.com\/fr\/contact\/\",\"url\":\"https:\/\/cyndieallemann.com\/fr\/contact\/\",\"name\":\"Contact - Cyndie Allemann\",\"isPartOf\":{\"@id\":\"https:\/\/cyndieallemann.com\/fr\/#website\"},\"primaryImageOfPage\":{\"@id\":\"https:\/\/cyndieallemann.com\/fr\/contact\/#primaryimage\"},\"image\":{\"@id\":\"https:\/\/cyndieallemann.com\/fr\/contact\/#primaryimage\"},\"thumbnailUrl\":\"https:\/\/cyndieallemann.com\/wp-content\/uploads\/2024\/03\/Cyndie-Allemann-scaled.webp\",\"datePublished\":\"2024-01-25T13:36:50+00:00\",\"dateModified\":\"2024-05-31T09:12:22+00:00\",\"breadcrumb\":{\"@id\":\"https:\/\/cyndieallemann.com\/fr\/contact\/#breadcrumb\"},\"inLanguage\":\"fr-FR\",\"potentialAction\":[{\"@type\":\"ReadAction\",\"target\":[\"https:\/\/cyndieallemann.com\/fr\/contact\/\"]}]},{\"@type\":\"ImageObject\",\"inLanguage\":\"fr-FR\",\"@id\":\"https:\/\/cyndieallemann.com\/fr\/contact\/#primaryimage\",\"url\":\"https:\/\/cyndieallemann.com\/wp-content\/uploads\/2024\/03\/Cyndie-Allemann-scaled.webp\",\"contentUrl\":\"https:\/\/cyndieallemann.com\/wp-content\/uploads\/2024\/03\/Cyndie-Allemann-scaled.webp\"},{\"@type\":\"BreadcrumbList\",\"@id\":\"https:\/\/cyndieallemann.com\/fr\/contact\/#breadcrumb\",\"itemListElement\":[{\"@type\":\"ListItem\",\"position\":1,\"name\":\"Home\",\"item\":\"https:\/\/cyndieallemann.com\/fr\/\"},{\"@type\":\"ListItem\",\"position\":2,\"name\":\"Contact\"}]},{\"@type\":\"WebSite\",\"@id\":\"https:\/\/cyndieallemann.com\/fr\/#website\",\"url\":\"https:\/\/cyndieallemann.com\/fr\/\",\"name\":\"Cyndie Allemann\",\"description\":\"- Powerfrau mit Benzin im Blut\",\"publisher\":{\"@id\":\"https:\/\/cyndieallemann.com\/fr\/#organization\"},\"potentialAction\":[{\"@type\":\"SearchAction\",\"target\":{\"@type\":\"EntryPoint\",\"urlTemplate\":\"https:\/\/cyndieallemann.com\/fr\/?s={search_term_string}\"},\"query-input\":{\"@type\":\"PropertyValueSpecification\",\"valueRequired\":true,\"valueName\":\"search_term_string\"}}],\"inLanguage\":\"fr-FR\"},{\"@type\":\"Organization\",\"@id\":\"https:\/\/cyndieallemann.com\/fr\/#organization\",\"name\":\"Cyndie Allemann\",\"url\":\"https:\/\/cyndieallemann.com\/fr\/\",\"logo\":{\"@type\":\"ImageObject\",\"inLanguage\":\"fr-FR\",\"@id\":\"https:\/\/cyndieallemann.com\/fr\/#\/schema\/logo\/image\/\",\"url\":\"https:\/\/cyndieallemann.com\/wp-content\/uploads\/2024\/02\/logo-navi.webp\",\"contentUrl\":\"https:\/\/cyndieallemann.com\/wp-content\/uploads\/2024\/02\/logo-navi.webp\",\"width\":233,\"height\":558,\"caption\":\"Cyndie Allemann \"},\"image\":{\"@id\":\"https:\/\/cyndieallemann.com\/fr\/#\/schema\/logo\/image\/\"}}]}<\/script>\n<!-- \/ Yoast SEO plugin. -->","yoast_head_json":{"title":"Contact - Cyndie Allemann","robots":{"index":"index","follow":"follow","max-snippet":"max-snippet:-1","max-image-preview":"max-image-preview:large","max-video-preview":"max-video-preview:-1"},"canonical":"https:\/\/cyndieallemann.com\/fr\/contact\/","og_locale":"fr_FR","og_type":"article","og_title":"Contact - Cyndie Allemann","og_description":"Contact Cyndie Allemann info@cyndieallemann.com Formulaire de contact Demander un autographe Pour obtenir un autographe, veuillez envoyer une enveloppe timbr\u00e9e \u00e0 votre adresse : Spirit Karting AG Cyndie Allemann Sonnengutstrasse 8 5620 Bremgarten","og_url":"https:\/\/cyndieallemann.com\/fr\/contact\/","og_site_name":"Cyndie Allemann","article_modified_time":"2024-05-31T09:12:22+00:00","og_image":[{"url":"https:\/\/cyndieallemann.com\/wp-content\/uploads\/2024\/03\/Cyndie-Allemann-scaled.webp","type":"","width":"","height":""}],"twitter_card":"summary_large_image","twitter_misc":{"Dur\u00e9e de lecture estim\u00e9e":"1 minute"},"schema":{"@context":"https:\/\/schema.org","@graph":[{"@type":"WebPage","@id":"https:\/\/cyndieallemann.com\/fr\/contact\/","url":"https:\/\/cyndieallemann.com\/fr\/contact\/","name":"Contact - Cyndie Allemann","isPartOf":{"@id":"https:\/\/cyndieallemann.com\/fr\/#website"},"primaryImageOfPage":{"@id":"https:\/\/cyndieallemann.com\/fr\/contact\/#primaryimage"},"image":{"@id":"https:\/\/cyndieallemann.com\/fr\/contact\/#primaryimage"},"thumbnailUrl":"https:\/\/cyndieallemann.com\/wp-content\/uploads\/2024\/03\/Cyndie-Allemann-scaled.webp","datePublished":"2024-01-25T13:36:50+00:00","dateModified":"2024-05-31T09:12:22+00:00","breadcrumb":{"@id":"https:\/\/cyndieallemann.com\/fr\/contact\/#breadcrumb"},"inLanguage":"fr-FR","potentialAction":[{"@type":"ReadAction","target":["https:\/\/cyndieallemann.com\/fr\/contact\/"]}]},{"@type":"ImageObject","inLanguage":"fr-FR","@id":"https:\/\/cyndieallemann.com\/fr\/contact\/#primaryimage","url":"https:\/\/cyndieallemann.com\/wp-content\/uploads\/2024\/03\/Cyndie-Allemann-scaled.webp","contentUrl":"https:\/\/cyndieallemann.com\/wp-content\/uploads\/2024\/03\/Cyndie-Allemann-scaled.webp"},{"@type":"BreadcrumbList","@id":"https:\/\/cyndieallemann.com\/fr\/contact\/#breadcrumb","itemListElement":[{"@type":"ListItem","position":1,"name":"Home","item":"https:\/\/cyndieallemann.com\/fr\/"},{"@type":"ListItem","position":2,"name":"Contact"}]},{"@type":"WebSite","@id":"https:\/\/cyndieallemann.com\/fr\/#website","url":"https:\/\/cyndieallemann.com\/fr\/","name":"Cyndie Allemann","description":"- Powerfrau mit Benzin im Blut","publisher":{"@id":"https:\/\/cyndieallemann.com\/fr\/#organization"},"potentialAction":[{"@type":"SearchAction","target":{"@type":"EntryPoint","urlTemplate":"https:\/\/cyndieallemann.com\/fr\/?s={search_term_string}"},"query-input":{"@type":"PropertyValueSpecification","valueRequired":true,"valueName":"search_term_string"}}],"inLanguage":"fr-FR"},{"@type":"Organization","@id":"https:\/\/cyndieallemann.com\/fr\/#organization","name":"Cyndie Allemann","url":"https:\/\/cyndieallemann.com\/fr\/","logo":{"@type":"ImageObject","inLanguage":"fr-FR","@id":"https:\/\/cyndieallemann.com\/fr\/#\/schema\/logo\/image\/","url":"https:\/\/cyndieallemann.com\/wp-content\/uploads\/2024\/02\/logo-navi.webp","contentUrl":"https:\/\/cyndieallemann.com\/wp-content\/uploads\/2024\/02\/logo-navi.webp","width":233,"height":558,"caption":"Cyndie Allemann "},"image":{"@id":"https:\/\/cyndieallemann.com\/fr\/#\/schema\/logo\/image\/"}}]}},"_links":{"self":[{"href":"https:\/\/cyndieallemann.com\/fr\/wp-json\/wp\/v2\/pages\/2026","targetHints":{"allow":["GET"]}}],"collection":[{"href":"https:\/\/cyndieallemann.com\/fr\/wp-json\/wp\/v2\/pages"}],"about":[{"href":"https:\/\/cyndieallemann.com\/fr\/wp-json\/wp\/v2\/types\/page"}],"author":[{"embeddable":true,"href":"https:\/\/cyndieallemann.com\/fr\/wp-json\/wp\/v2\/users\/4"}],"replies":[{"embeddable":true,"href":"https:\/\/cyndieallemann.com\/fr\/wp-json\/wp\/v2\/comments?post=2026"}],"version-history":[{"count":4,"href":"https:\/\/cyndieallemann.com\/fr\/wp-json\/wp\/v2\/pages\/2026\/revisions"}],"predecessor-version":[{"id":2122,"href":"https:\/\/cyndieallemann.com\/fr\/wp-json\/wp\/v2\/pages\/2026\/revisions\/2122"}],"wp:attachment":[{"href":"https:\/\/cyndieallemann.com\/fr\/wp-json\/wp\/v2\/media?parent=2026"}],"curies":[{"name":"wp","href":"https:\/\/api.w.org\/{rel}","templated":true}]}}